{"id":18,"date":"2025-03-25T19:36:09","date_gmt":"2025-03-25T19:36:09","guid":{"rendered":"https:\/\/aktywnirazem-wielkopolska.pl\/?page_id=18"},"modified":"2025-03-25T20:17:17","modified_gmt":"2025-03-25T20:17:17","slug":"opis-projektu","status":"publish","type":"page","link":"https:\/\/aktywnirazem-wielkopolska.pl\/","title":{"rendered":"Opis projektu"},"content":{"rendered":"\t\t<div data-elementor-type=\"wp-page\" data-elementor-id=\"18\" class=\"elementor elementor-18\">\n\t\t\t\t<div class=\"elementor-element elementor-element-6f1e430 e-flex e-con-boxed e-con e-parent\" data-id=\"6f1e430\" data-element_type=\"container\" data-settings=\"{&quot;background_background&quot;:&quot;classic&quot;,&quot;jet_parallax_layout_list&quot;:[]}\">\n\t\t\t\t\t<div class=\"e-con-inner\">\n\t\t\t\t<div class=\"elementor-element elementor-element-8298784 elementor-widget elementor-widget-heading\" data-id=\"8298784\" data-element_type=\"widget\" data-widget_type=\"heading.default\">\n\t\t\t\t<div class=\"elementor-widget-container\">\n\t\t\t\t\t<h2 class=\"elementor-heading-title elementor-size-default\">Aktywni Razem <br>w Wielkopolsce<\/h2>\t\t\t\t<\/div>\n\t\t\t\t<\/div>\n\t\t\t\t\t<\/div>\n\t\t\t\t<\/div>\n\t\t<div class=\"elementor-element elementor-element-381b83a e-flex e-con-boxed e-con e-parent\" data-id=\"381b83a\" data-element_type=\"container\" data-settings=\"{&quot;jet_parallax_layout_list&quot;:[]}\">\n\t\t\t\t\t<div class=\"e-con-inner\">\n\t\t\t\t<div class=\"elementor-element elementor-element-9ed082d elementor-widget elementor-widget-text-editor\" data-id=\"9ed082d\" data-element_type=\"widget\" data-widget_type=\"text-editor.default\">\n\t\t\t\t<div class=\"elementor-widget-container\">\n\t\t\t\t\t\t\t\t\t<p style=\"text-align: center\"><b>HUMAN DISCOVERS<br \/>\n<\/b><b style=\"color: var( --e-global-color-text );font-family: var( --e-global-typography-text-font-family ), Sans-serif;font-size: var( --e-global-typography-text-font-size );text-align: var(--text-align)\">CENTRUM ANALIZ I ROZWOJU<br \/>\n<\/b><b style=\"color: var( --e-global-color-text );font-family: var( --e-global-typography-text-font-family ), Sans-serif;font-size: var( --e-global-typography-text-font-size );text-align: var(--text-align)\">PLAC\u00d3WKA KSZTA\u0141CENIA USTAWICZNEGO<br \/>\nDAPOL KARINA JAKUBEK<\/b><b style=\"color: var( --e-global-color-text );font-family: var( --e-global-typography-text-font-family ), Sans-serif;font-size: var( --e-global-typography-text-font-size );text-align: var(--text-align)\">\u00a0<\/b><\/p>\n<p style=\"text-align: center\"><span style=\"font-weight: 400\">realizuje projekt pn.<br \/>\n<\/span><b style=\"color: var( --e-global-color-text );font-family: var( --e-global-typography-text-font-family ), Sans-serif;font-size: var( --e-global-typography-text-font-size );text-align: var(--text-align)\">\u201eAktywni Razem w Wielkopolsce\u201d<br \/>\nnr projektu FEWP.06.10 \u2013 IP.01-0002\/24<\/b><\/p>\n<p><span style=\"font-weight: 400\">wsp\u00f3\u0142finansowany ze \u015brodk\u00f3w Unii Europejskiej, z Europejskiego Funduszu Spo\u0142ecznego Plus w ramach Programu Fundusze Europejskie dla Wielkopolski 2021-2027, w ramach Priorytetu nr 6 Fundusze Europejskie dla Wielkopolski o silniejszym wymiarze spo\u0142ecznym (EFS+), Dzia\u0142anie nr 6.10 Aktywna integracja<\/span><\/p>\n<p>&nbsp;<\/p>\n<h4>Celem g\u0142\u00f3wnym projektu jest<\/h4>\n<p><span style=\"font-weight: 400\">wzrost u minimum 60% tj.60 (33 Kobiet \/27 M\u0119\u017cczyzn) ze 100 uczestnik\u00f3w projektu (os\u00f3b 18+, biernych zawodowo lub bezrobotnych), spe\u0142niaj\u0105cych dodatkowo przes\u0142anki zagro\u017cenia wykluczeniem spo\u0142ecznym, zamieszkuj\u0105cych wg przepis\u00f3w Kodeksu Cywilnego lub ucz\u0105cych si\u0119 na terenie woj. wielkopolskiego, aktywno\u015bci spo\u0142ecznej i zdolno\u015bci do zatrudnienia przez kompleksowe, indywidualnie dostosowane wsparcie w ramach projektu, s\u0142u\u017c\u0105ce zniwelowaniu niekorzystnej sytuacji spo\u0142ecznej od 01.03.2025 do 30.04.2026 roku..\u00a0<\/span><\/p>\n<p>&nbsp;<\/p>\n<h4>Og\u00f3lna grupa docelowa:<\/h4>\n<p><b>100 os\u00f3b<\/b><span style=\"font-weight: 400\"> z grupy docelowej projektu: 55 kobiet i 45m\u0119\u017cczyzn, doros\u0142ych biernych zawodowo lub bezrobotnych, spe\u0142niaj\u0105cych dodatkowo przes\u0142anki zagro\u017cenia wykluczeniem spo\u0142ecznym, w tym 5 os\u00f3b z niepe\u0142nosprawno\u015bciami. Dodatkowo w\u015br\u00f3d os\u00f3b kwalifikowanych do projektu jest <\/span><b>50 os\u00f3b bezrobotnych, <\/b><span style=\"font-weight: 400\">w tym 10 os\u00f3b d\u0142ugotrwale bezrobotnych (tj. bezrobotni powy\u017cej 12 m-c)\u00a0 oraz <\/span><b>50 os\u00f3b<\/b><span style=\"font-weight: 400\"> biernych zawodowo (tj. nie zarejestrowany w PUP i nie poszukuj\u0105cy zatrudnienia), 10 os\u00f3b z grupy 50+ oraz 20 os\u00f3b z wykszta\u0142ceniem max. ISCED3<\/span><\/p>\n<p>&nbsp;<\/p>\n<h4>Zapraszamy:<span style=\"font-weight: 400\">\u00a0<\/span><\/h4>\n<ul>\n<li><b>osoby zagro\u017cone ub\u00f3stwem lub wykluczeniem spo\u0142ecznym\u00a0<\/b><\/li>\n<\/ul>\n<ul>\n<li><b>osoby chore lub z niepe\u0142nosprawno\u015bci\u0105\u00a0<\/b><\/li>\n<\/ul>\n<ul>\n<li><b>osoby obarczone obowi\u0105zkami rodzinnymi i opieku\u0144czymi<\/b><\/li>\n<\/ul>\n<ul>\n<li><b>korzystaj\u0105ce z programu FE P\u017b<\/b><\/li>\n<\/ul>\n<p><b>\u00a0<\/b><\/p>\n<h4>OFERUJEMY:<\/h4>\n<p><span style=\"font-weight: 400\">Kompleksowe wsparcie ka\u017cdego Uczestnika Projektu rozpoczynaj\u0105ce si\u0119 od doradztwa indywidualnego z opracowaniem Indywidualnej \u015acie\u017cki Reintegracji, w tym doradztwo zawodowe, pomoc psychologiczna, wsparcie specjalist\u00f3w, coaching kompetencji spo\u0142ecznych oraz po\u015brednictwo pracy. Uczestnicy b\u0119d\u0105 mogli skorzysta\u0107 z <\/span><b>p\u0142atnych<\/b> <span style=\"font-weight: 400\">kurs\u00f3w zawodowych oraz <\/span><b>p\u0142atnego<\/b><span style=\"font-weight: 400\"> sta\u017cu zawodowego trwaj\u0105cego 3 miesi\u0105ce.<\/span><\/p>\n<ul>\n<li><strong>kursy zawodowe &#8211; wyp\u0142acane stypendium szkoleniowe 1 653,10 z\u0142. netto &#8211; 2 135,65 z\u0142 brutto brutto,<\/strong><\/li>\n<li><strong>trzymiesi\u0119czny sta\u017c zawodowy &#8211; wyp\u0142acane stypendium sta\u017cowe 2 755,10 z\u0142. Netto\/m-c \u2013 3 559,32 z\u0142. brutto brutto\/m-c,<\/strong><\/li>\n<li><span style=\"font-weight: 400\">wsparcie psychologiczne \u2013 2 godziny dla uczestnika\u00a0<\/span><\/li>\n<li><span style=\"font-weight: 400\">doradztwo zawodowe \u2013 3 godziny dla uczestnik<\/span><\/li>\n<li><span style=\"font-weight: 400\">warsztaty grupowe \u201eKu\u017ania Optymizmu\u201d \u2013 16 godzin<\/span><\/li>\n<li><span style=\"font-weight: 400\">doradztwo specjalistyczne: prawnik lub doradca finansowy\u00a0 &#8211;\u00a0 2 godziny dla uczestnika<\/span><\/li>\n<li><span style=\"font-weight: 400\">kurs zawodowy wraz z procesem certyfikacji\u00a0 \u2013 \u015brednio 120 godzin<\/span><\/li>\n<li><span style=\"font-weight: 400\">trzymiesi\u0119czny sta\u017c zawodowy\u00a0<\/span><\/li>\n<li><span style=\"font-weight: 400\">po\u015brednictwo pracy \u2013 4 godziny przez ca\u0142y okres trwania projektu<\/span><\/li>\n<\/ul>\n<p>&nbsp;<\/p>\n<p><b><i>Wszystkich zainteresowanych wzi\u0119ciem udzia\u0142u w projekcie prosimy o wype\u0142nienie <\/i><\/b><b><i>dokument\u00f3w rekrutacyjnych oraz o dostarczenie wymaganych dokument\u00f3w:<\/i><\/b><\/p>\n<ul>\n<li style=\"font-weight: 400\"><span style=\"font-weight: 400\">Formularz rekrutacyjny wraz z za\u0142\u0105cznikami i o\u015bwiadczeniami zawieraj\u0105cy podstawowe dane Uczestnika Projektu\u00a0<\/span><\/li>\n<li style=\"font-weight: 400\"><span style=\"font-weight: 400\">Za\u015bwiadczenie z PUP\/ZUS Uczestnika potwierdzaj\u0105ce status na rynku pracy\u00a0<\/span><\/li>\n<li style=\"font-weight: 400\"><span style=\"font-weight: 400\">Za\u015bwiadczenie o niepe\u0142nosprawno\u015bci (orzeczenie lub inny r\u00f3wnowa\u017cny dokument)<\/span><\/li>\n<\/ul>\n<p>&nbsp;<\/p>\n<p><span style=\"font-weight: 400\">Telefon kontaktowy 536-045-420<br \/>\n<\/span><span style=\"font-weight: 400\">Biuro projektu: ul. Raszkowska 47, 63-400 Ostr\u00f3w Wielkopolski<\/span><\/p>\n<p><strong>Warto\u015b\u0107 projektu:<\/strong><br \/>\n2 070 626,69 PLN,<\/p>\n<p><strong>Kwota dofinansowania:<\/strong><br \/>\n1 967 095,33 PLN w tym UE 1 449 438,68 PLN<\/p>\n\t\t\t\t\t\t\t\t<\/div>\n\t\t\t\t<\/div>\n\t\t\t\t\t<\/div>\n\t\t\t\t<\/div>\n\t\t\t\t<\/div>\n\t\t","protected":false},"excerpt":{"rendered":"<p>Aktywni Razem w Wielkopolsce<\/p>\n","protected":false},"author":1,"featured_media":0,"parent":0,"menu_order":0,"comment_status":"closed","ping_status":"closed","template":"elementor_header_footer","meta":{"footnotes":""},"class_list":["post-18","page","type-page","status-publish","hentry"],"_links":{"self":[{"href":"https:\/\/aktywnirazem-wielkopolska.pl\/index.php\/wp-json\/wp\/v2\/pages\/18","targetHints":{"allow":["GET"]}}],"collection":[{"href":"https:\/\/aktywnirazem-wielkopolska.pl\/index.php\/wp-json\/wp\/v2\/pages"}],"about":[{"href":"https:\/\/aktywnirazem-wielkopolska.pl\/index.php\/wp-json\/wp\/v2\/types\/page"}],"author":[{"embeddable":true,"href":"https:\/\/aktywnirazem-wielkopolska.pl\/index.php\/wp-json\/wp\/v2\/users\/1"}],"replies":[{"embeddable":true,"href":"https:\/\/aktywnirazem-wielkopolska.pl\/index.php\/wp-json\/wp\/v2\/comments?post=18"}],"version-history":[{"count":13,"href":"https:\/\/aktywnirazem-wielkopolska.pl\/index.php\/wp-json\/wp\/v2\/pages\/18\/revisions"}],"predecessor-version":[{"id":54,"href":"https:\/\/aktywnirazem-wielkopolska.pl\/index.php\/wp-json\/wp\/v2\/pages\/18\/revisions\/54"}],"wp:attachment":[{"href":"https:\/\/aktywnirazem-wielkopolska.pl\/index.php\/wp-json\/wp\/v2\/media?parent=18"}],"curies":[{"name":"wp","href":"https:\/\/api.w.org\/{rel}","templated":true}]}}